{"id":266,"date":"2023-01-04T16:25:24","date_gmt":"2023-01-04T16:25:24","guid":{"rendered":"https:\/\/aksowa.sk\/unser-team\/"},"modified":"2023-02-02T16:31:58","modified_gmt":"2023-02-02T16:31:58","slug":"unser-team","status":"publish","type":"page","link":"https:\/\/aksowa.sk\/de\/unser-team\/","title":{"rendered":"Unser Team"},"content":{"rendered":"\t\t<div data-elementor-type=\"wp-page\" data-elementor-id=\"266\" class=\"elementor elementor-266 elementor-38\" data-elementor-post-type=\"page\">\n\t\t\t\t\t\t<section class=\"elementor-section elementor-top-section elementor-element elementor-element-f86f07d elementor-section-boxed elementor-section-height-default elementor-section-height-default\" data-id=\"f86f07d\" data-element_type=\"section\" data-e-type=\"section\">\n\t\t\t\t\t\t\t<div class=\"elementor-background-overlay\"><\/div>\n\t\t\t\t\t\t\t<div class=\"elementor-container elementor-column-gap-default\">\n\t\t\t\t\t<div class=\"elementor-column elementor-col-50 elementor-top-column elementor-element elementor-element-6974780\" data-id=\"6974780\" data-element_type=\"column\" data-e-type=\"column\">\n\t\t\t<div class=\"elementor-widget-wrap elementor-element-populated\">\n\t\t\t\t\t\t<div class=\"elementor-element elementor-element-8738faa elementor-widget elementor-widget-image\" data-id=\"8738faa\" data-element_type=\"widget\" data-e-type=\"widget\" data-widget_type=\"image.default\">\n\t\t\t\t<div class=\"elementor-widget-container\">\n\t\t\t\t\t\t\t\t\t\t\t\t\t\t\t<img fetchpriority=\"high\" decoding=\"async\" width=\"667\" height=\"1000\" src=\"https:\/\/aksowa.sk\/wp-content\/uploads\/2023\/01\/SWA__partner1.jpg\" class=\"attachment-large size-large wp-image-34\" alt=\"\" srcset=\"https:\/\/aksowa.sk\/wp-content\/uploads\/2023\/01\/SWA__partner1.jpg 667w, https:\/\/aksowa.sk\/wp-content\/uploads\/2023\/01\/SWA__partner1-200x300.jpg 200w\" sizes=\"(max-width: 667px) 100vw, 667px\" \/>\t\t\t\t\t\t\t\t\t\t\t\t\t\t\t<\/div>\n\t\t\t\t<\/div>\n\t\t\t\t\t<\/div>\n\t\t<\/div>\n\t\t\t\t<div class=\"elementor-column elementor-col-50 elementor-top-column elementor-element elementor-element-b899d34\" data-id=\"b899d34\" data-element_type=\"column\" data-e-type=\"column\">\n\t\t\t<div class=\"elementor-widget-wrap elementor-element-populated\">\n\t\t\t\t\t\t<div class=\"elementor-element elementor-element-3866ef6 elementor-widget__width-initial elementor-widget elementor-widget-heading\" data-id=\"3866ef6\" data-element_type=\"widget\" data-e-type=\"widget\" data-widget_type=\"heading.default\">\n\t\t\t\t<div class=\"elementor-widget-container\">\n\t\t\t\t\t<h2 class=\"elementor-heading-title elementor-size-default\">Adriena Petrov\u00e1<\/h2>\t\t\t\t<\/div>\n\t\t\t\t<\/div>\n\t\t\t\t<div class=\"elementor-element elementor-element-41b13da elementor-widget__width-initial elementor-widget elementor-widget-heading\" data-id=\"41b13da\" data-element_type=\"widget\" data-e-type=\"widget\" data-widget_type=\"heading.default\">\n\t\t\t\t<div class=\"elementor-widget-container\">\n\t\t\t\t\t<h2 class=\"elementor-heading-title elementor-size-default\">partner<\/h2>\t\t\t\t<\/div>\n\t\t\t\t<\/div>\n\t\t\t\t<div class=\"elementor-element elementor-element-8fd8395 elementor-widget__width-initial elementor-widget elementor-widget-text-editor\" data-id=\"8fd8395\" data-element_type=\"widget\" data-e-type=\"widget\" data-widget_type=\"text-editor.default\">\n\t\t\t\t<div class=\"elementor-widget-container\">\n\t\t\t\t\t\t\t\t\t<p>Adriena Petrov\u00e1 hat schon w\u00e4hrend ihres Studiums an der Juristischen Fakult\u00e4t der Universit\u00e4t in Trnava als juristische Assistentin in einer internationalen slowakisch-\u00f6sterreichischen Anwaltskanzlei gearbeitet und hat an einem Praktikum beim Obersten Gericht der Tschechischen Republik teilgenommen. Nach dem erfolgreichen Studienabschluss hat sie als Anwaltskonzipientin und anschlie\u00dfend als Rechtsanw\u00e4ltin f\u00fcr eine bedeutende internationale Gesellschaft gearbeitet, die ihre Zentrale in Deutschland hat und im Bereich der Rechtsberatung, Steuerberatung, Wirtschaftspr\u00fcfung und Buchhaltung t\u00e4tig ist. Sie spricht flie\u00dfend slowakisch, deutsch und englisch. Neben dem Handelsrecht und dem Recht der Handelsgesellschaften spezialisiert sie sich insbesondere auf Fusionen und \u00dcbernahmen, rechtliche Due Diligence, Rechtsberatung im Bereich Immobilien, Recht des geistigen Eigentums und Arbeitsrecht. Im 2017 hat Adriena am 3-monatigen Bildungsprogramm European Lawyers Programme teilgenommen, der von der Schottischen Rechtsanwaltskammer (Faculty of Advocates) und European Lawyers\u2019 Association in Edinburgh veranstaltet wurde. Daraufhin wurde Sie zum Vorstandsmitglied und nationalem Vertreter der European Lawyers\u2019 Association f\u00fcr die Slowakische und Tschechische Republik.     <\/p>\n\t\t\t\t\t\t\t\t<\/div>\n\t\t\t\t<\/div>\n\t\t\t\t\t<\/div>\n\t\t<\/div>\n\t\t\t\t\t<\/div>\n\t\t<\/section>\n\t\t\t\t<section class=\"elementor-section elementor-top-section elementor-element elementor-element-a071c21 elementor-reverse-tablet elementor-reverse-mobile elementor-section-boxed elementor-section-height-default elementor-section-height-default\" data-id=\"a071c21\" data-element_type=\"section\" data-e-type=\"section\">\n\t\t\t\t\t\t\t<div class=\"elementor-background-overlay\"><\/div>\n\t\t\t\t\t\t\t<div class=\"elementor-container elementor-column-gap-default\">\n\t\t\t\t\t<div class=\"elementor-column elementor-col-50 elementor-top-column elementor-element elementor-element-b9f55ae\" data-id=\"b9f55ae\" data-element_type=\"column\" data-e-type=\"column\">\n\t\t\t<div class=\"elementor-widget-wrap elementor-element-populated\">\n\t\t\t\t\t\t<div class=\"elementor-element elementor-element-ab94763 elementor-widget__width-initial elementor-widget elementor-widget-heading\" data-id=\"ab94763\" data-element_type=\"widget\" data-e-type=\"widget\" data-widget_type=\"heading.default\">\n\t\t\t\t<div class=\"elementor-widget-container\">\n\t\t\t\t\t<h2 class=\"elementor-heading-title elementor-size-default\">Diana Oravcov\u00e1<\/h2>\t\t\t\t<\/div>\n\t\t\t\t<\/div>\n\t\t\t\t<div class=\"elementor-element elementor-element-808e972 elementor-widget__width-initial elementor-widget elementor-widget-heading\" data-id=\"808e972\" data-element_type=\"widget\" data-e-type=\"widget\" data-widget_type=\"heading.default\">\n\t\t\t\t<div class=\"elementor-widget-container\">\n\t\t\t\t\t<h2 class=\"elementor-heading-title elementor-size-default\">partner<\/h2>\t\t\t\t<\/div>\n\t\t\t\t<\/div>\n\t\t\t\t<div class=\"elementor-element elementor-element-a397d47 elementor-widget__width-initial elementor-widget elementor-widget-text-editor\" data-id=\"a397d47\" data-element_type=\"widget\" data-e-type=\"widget\" data-widget_type=\"text-editor.default\">\n\t\t\t\t<div class=\"elementor-widget-container\">\n\t\t\t\t\t\t\t\t\t<p class=\"p1\">Diana Oravcov\u00e1 machte ihren Studienabschluss an der Juristischen Fakult\u00e4t der Comenius Universit\u00e4t in Bratislava. W\u00e4hrend ihres Studiums nahm sie an dem Studienprogramm Erasmus in Deutschland an der Universit\u00e4t in Regensburg (Juristische Fakult\u00e4t) teil. Anschlie\u00dfend arbeitete sie als Rechtsassistentin in einer bedeutenden internationalen Gesellschaft, die im Bereich der Rechtsberatung,  <span class=\"s1\">Steuerberatung, Wirtschaftspr\u00fcfung und Buchhaltung t\u00e4tig ist und ihre Zentrale in Deutschland hat. Nach dem erfolgreichen Studienabschluss wurde sie in der angef\u00fchrten Gesellschaft als Anwaltskonzipientin und sp\u00e4ter als Anw\u00e4ltin besch\u00e4ftigt. Sie spricht flie\u00dfend slowakisch und deutsch. Neben dem Handelsrecht und Recht der Handelsgesellschaften spezialisiert sie sich insbesondere auf die Rechtsberatung im Bereich Immobilien, Streitsachen aus dem Bereich des Zivil- und Handelsrechts, Insolvenz und Umstrukturierung, Eintreibung von Forderungen in Gerichts- und Zwangsvollstreckungsverfahren, Vorbereitung von Vertr\u00e4gen und rechtlichen Analysen.   <\/span><\/p>\n\t\t\t\t\t\t\t\t<\/div>\n\t\t\t\t<\/div>\n\t\t\t\t\t<\/div>\n\t\t<\/div>\n\t\t\t\t<div class=\"elementor-column elementor-col-50 elementor-top-column elementor-element elementor-element-c200859\" data-id=\"c200859\" data-element_type=\"column\" data-e-type=\"column\">\n\t\t\t<div class=\"elementor-widget-wrap elementor-element-populated\">\n\t\t\t\t\t\t<div class=\"elementor-element elementor-element-0d340cd elementor-widget elementor-widget-image\" data-id=\"0d340cd\" data-element_type=\"widget\" data-e-type=\"widget\" data-widget_type=\"image.default\">\n\t\t\t\t<div class=\"elementor-widget-container\">\n\t\t\t\t\t\t\t\t\t\t\t\t\t\t\t<img decoding=\"async\" width=\"667\" height=\"1000\" src=\"https:\/\/aksowa.sk\/wp-content\/uploads\/2023\/01\/SWA__partner2.jpg\" class=\"attachment-large size-large wp-image-35\" alt=\"\" srcset=\"https:\/\/aksowa.sk\/wp-content\/uploads\/2023\/01\/SWA__partner2.jpg 667w, https:\/\/aksowa.sk\/wp-content\/uploads\/2023\/01\/SWA__partner2-200x300.jpg 200w\" sizes=\"(max-width: 667px) 100vw, 667px\" \/>\t\t\t\t\t\t\t\t\t\t\t\t\t\t\t<\/div>\n\t\t\t\t<\/div>\n\t\t\t\t\t<\/div>\n\t\t<\/div>\n\t\t\t\t\t<\/div>\n\t\t<\/section>\n\t\t\t\t<section class=\"elementor-section elementor-top-section elementor-element elementor-element-04cb637 elementor-section-boxed elementor-section-height-default elementor-section-height-default\" data-id=\"04cb637\" data-element_type=\"section\" data-e-type=\"section\">\n\t\t\t\t\t\t\t<div class=\"elementor-background-overlay\"><\/div>\n\t\t\t\t\t\t\t<div class=\"elementor-container elementor-column-gap-default\">\n\t\t\t\t\t<div class=\"elementor-column elementor-col-50 elementor-top-column elementor-element elementor-element-dbaec80\" data-id=\"dbaec80\" data-element_type=\"column\" data-e-type=\"column\">\n\t\t\t<div class=\"elementor-widget-wrap\">\n\t\t\t\t\t\t\t<\/div>\n\t\t<\/div>\n\t\t\t\t<div class=\"elementor-column elementor-col-50 elementor-top-column elementor-element elementor-element-65c9457\" data-id=\"65c9457\" data-element_type=\"column\" data-e-type=\"column\">\n\t\t\t<div class=\"elementor-widget-wrap elementor-element-populated\">\n\t\t\t\t\t\t<div class=\"elementor-element elementor-element-e9e6311 elementor-widget__width-initial elementor-widget elementor-widget-heading\" data-id=\"e9e6311\" data-element_type=\"widget\" data-e-type=\"widget\" data-widget_type=\"heading.default\">\n\t\t\t\t<div class=\"elementor-widget-container\">\n\t\t\t\t\t<h2 class=\"elementor-heading-title elementor-size-default\">Juraj K\u00f6llner<\/h2>\t\t\t\t<\/div>\n\t\t\t\t<\/div>\n\t\t\t\t<div class=\"elementor-element elementor-element-07a1e51 elementor-widget__width-initial elementor-widget elementor-widget-heading\" data-id=\"07a1e51\" data-element_type=\"widget\" data-e-type=\"widget\" data-widget_type=\"heading.default\">\n\t\t\t\t<div class=\"elementor-widget-container\">\n\t\t\t\t\t<h2 class=\"elementor-heading-title elementor-size-default\">partner<\/h2>\t\t\t\t<\/div>\n\t\t\t\t<\/div>\n\t\t\t\t<div class=\"elementor-element elementor-element-dc6ae66 elementor-widget__width-initial elementor-widget elementor-widget-text-editor\" data-id=\"dc6ae66\" data-element_type=\"widget\" data-e-type=\"widget\" data-widget_type=\"text-editor.default\">\n\t\t\t\t<div class=\"elementor-widget-container\">\n\t\t\t\t\t\t\t\t\t<p class=\"p1\">Juraj K\u00f6llner hat sein Studium an der Juristischen Fakult\u00e4t der Comenius Universit\u00e4t in Bratislava erfolgreich absolviert. Nach dem Studienabschluss im Jahr 2000 arbeitete er f\u00fcr eine internationale Rechtsschutzversicherung. Seine juristische Laufbahn begann er als Anwaltskonzipient in der Kanzlei von JUDr. Rastislav Posluch. Seit 2007 ist er als selbst\u00e4ndiger Rechtsanwalt t\u00e4tig, seit 2018 als Gesch\u00e4ftsf\u00fchrer der Anwaltskanzlei K\u00f6llner, s.r.o. Dar\u00fcber hinaus engagierte er sich im Bereich der gemeinn\u00fctzigen Organisationen, unter anderem als Aufsichtsratsvorsitzender einer Bildungseinrichtung oder im Bereich der Menschenrechte in Zusammenarbeit mit dem Slowakischen Rat f\u00fcr Geisteswissenschaften. Zwischen 2014 und 2021 arbeitete er eng mit einem globalen Beratungsunternehmen mit Hauptsitz in Deutschland zusammen, das Dienstleistungen in den Bereichen Rechts- und Steuerberatung, Wirtschaftspr\u00fcfung und Buchhaltung erbringt. Seit 2021 ist er auch Mitglied der Auswahlaussch\u00fcsse f\u00fcr die Auswahl der Richter f\u00fcr die allgemeinen Gerichte der Slowakischen Republik. Er spricht flie\u00dfend Slowakisch und Englisch, au\u00dferdem verf\u00fcgt er \u00fcber gute Deutsch- und Russischkenntnisse. Neben dem Handels- und Gesellschaftsrecht verf\u00fcgt er \u00fcber umfangreiche Erfahrungen im Bereich der Beratung, der rechtlichen Analysen und der Vertragsgestaltung, nicht zuletzt in prozessualen und nicht prozessualen Angelegenheiten.         <\/p>\n\t\t\t\t\t\t\t\t<\/div>\n\t\t\t\t<\/div>\n\t\t\t\t\t<\/div>\n\t\t<\/div>\n\t\t\t\t\t<\/div>\n\t\t<\/section>\n\t\t\t\t<\/div>\n\t\t","protected":false},"excerpt":{"rendered":"<p>Adriena Petrov\u00e1 partner Adriena Petrov\u00e1 hat schon w\u00e4hrend ihres Studiums an der Juristischen Fakult\u00e4t der Universit\u00e4t in Trnava als juristische Assistentin in einer internationalen slowakisch-\u00f6sterreichischen Anwaltskanzlei gearbeitet und hat an einem Praktikum beim Obersten Gericht der Tschechischen Republik teilgenommen. Nach dem erfolgreichen Studienabschluss hat sie als Anwaltskonzipientin und anschlie\u00dfend als Rechtsanw\u00e4ltin f\u00fcr eine bedeutende internationale [&hellip;]<\/p>\n","protected":false},"author":1,"featured_media":0,"parent":0,"menu_order":0,"comment_status":"closed","ping_status":"closed","template":"elementor_header_footer","meta":{"inline_featured_image":false,"footnotes":""},"class_list":["post-266","page","type-page","status-publish","hentry"],"_links":{"self":[{"href":"https:\/\/aksowa.sk\/de\/wp-json\/wp\/v2\/pages\/266","targetHints":{"allow":["GET"]}}],"collection":[{"href":"https:\/\/aksowa.sk\/de\/wp-json\/wp\/v2\/pages"}],"about":[{"href":"https:\/\/aksowa.sk\/de\/wp-json\/wp\/v2\/types\/page"}],"author":[{"embeddable":true,"href":"https:\/\/aksowa.sk\/de\/wp-json\/wp\/v2\/users\/1"}],"replies":[{"embeddable":true,"href":"https:\/\/aksowa.sk\/de\/wp-json\/wp\/v2\/comments?post=266"}],"version-history":[{"count":1,"href":"https:\/\/aksowa.sk\/de\/wp-json\/wp\/v2\/pages\/266\/revisions"}],"predecessor-version":[{"id":267,"href":"https:\/\/aksowa.sk\/de\/wp-json\/wp\/v2\/pages\/266\/revisions\/267"}],"wp:attachment":[{"href":"https:\/\/aksowa.sk\/de\/wp-json\/wp\/v2\/media?parent=266"}],"curies":[{"name":"wp","href":"https:\/\/api.w.org\/{rel}","templated":true}]}}