{"id":262,"date":"2023-01-04T16:04:28","date_gmt":"2023-01-04T16:04:28","guid":{"rendered":"https:\/\/aksowa.sk\/home\/"},"modified":"2023-02-02T16:28:22","modified_gmt":"2023-02-02T16:28:22","slug":"home","status":"publish","type":"page","link":"https:\/\/aksowa.sk\/de\/","title":{"rendered":"Home"},"content":{"rendered":"\t\t<div data-elementor-type=\"wp-page\" data-elementor-id=\"262\" class=\"elementor elementor-262 elementor-11\" data-elementor-post-type=\"page\">\n\t\t\t\t\t\t<section class=\"elementor-section elementor-top-section elementor-element elementor-element-29109f4 elementor-section-height-full elementor-section-boxed elementor-section-height-default elementor-section-items-middle\" data-id=\"29109f4\" data-element_type=\"section\" data-e-type=\"section\" data-settings=\"{&quot;background_background&quot;:&quot;classic&quot;,&quot;background_motion_fx_motion_fx_scrolling&quot;:&quot;yes&quot;,&quot;background_motion_fx_opacity_effect&quot;:&quot;yes&quot;,&quot;background_motion_fx_opacity_direction&quot;:&quot;in-out&quot;,&quot;background_motion_fx_opacity_range&quot;:{&quot;unit&quot;:&quot;%&quot;,&quot;size&quot;:&quot;&quot;,&quot;sizes&quot;:{&quot;start&quot;:40,&quot;end&quot;:68}},&quot;background_motion_fx_opacity_level&quot;:{&quot;unit&quot;:&quot;px&quot;,&quot;size&quot;:10,&quot;sizes&quot;:[]},&quot;background_motion_fx_devices&quot;:[&quot;desktop&quot;,&quot;tablet&quot;,&quot;mobile&quot;]}\">\n\t\t\t\t\t\t<div class=\"elementor-container elementor-column-gap-default\">\n\t\t\t\t\t<div class=\"elementor-column elementor-col-100 elementor-top-column elementor-element elementor-element-2b041ca\" data-id=\"2b041ca\" data-element_type=\"column\" data-e-type=\"column\" data-settings=\"{&quot;background_background&quot;:&quot;classic&quot;}\">\n\t\t\t<div class=\"elementor-widget-wrap elementor-element-populated\">\n\t\t\t\t\t\t<div class=\"elementor-element elementor-element-0430a32 elementor-widget__width-auto elementor-widget-tablet__width-inherit animated-slow elementor-invisible elementor-widget elementor-widget-heading\" data-id=\"0430a32\" data-element_type=\"widget\" data-e-type=\"widget\" data-settings=\"{&quot;_animation&quot;:&quot;fadeIn&quot;}\" data-widget_type=\"heading.default\">\n\t\t\t\t<div class=\"elementor-widget-container\">\n\t\t\t\t\t<h2 class=\"elementor-heading-title elementor-size-default\">We believe in<\/h2>\t\t\t\t<\/div>\n\t\t\t\t<\/div>\n\t\t\t\t<div class=\"elementor-element elementor-element-3edf9b5 animated-slow elementor-headline--style-rotate elementor-widget__width-auto elementor-widget-tablet__width-inherit elementor-invisible elementor-widget elementor-widget-animated-headline\" data-id=\"3edf9b5\" data-element_type=\"widget\" data-e-type=\"widget\" data-settings=\"{&quot;rotating_text&quot;:&quot;law\\njustice\\nrights&quot;,&quot;_animation&quot;:&quot;fadeIn&quot;,&quot;headline_style&quot;:&quot;rotate&quot;,&quot;rotate_iteration_delay&quot;:1600,&quot;animation_type&quot;:&quot;typing&quot;,&quot;loop&quot;:&quot;yes&quot;}\" data-widget_type=\"animated-headline.default\">\n\t\t\t\t<div class=\"elementor-widget-container\">\n\t\t\t\t\t\t\t<h3 class=\"elementor-headline elementor-headline-animation-type-typing elementor-headline-letters\">\n\t\t\t\t<span class=\"elementor-headline-dynamic-wrapper elementor-headline-text-wrapper\">\n\t\t\t\t\t<span class=\"elementor-headline-dynamic-text elementor-headline-text-active\">\n\t\t\t\tlaw\t\t\t<\/span>\n\t\t\t\t\t<span class=\"elementor-headline-dynamic-text\">\n\t\t\t\tjustice\t\t\t<\/span>\n\t\t\t\t\t<span class=\"elementor-headline-dynamic-text\">\n\t\t\t\trights\t\t\t<\/span>\n\t\t\t\t\t\t<\/span>\n\t\t\t\t<\/h3>\n\t\t\t\t\t\t<\/div>\n\t\t\t\t<\/div>\n\t\t\t\t<div class=\"elementor-element elementor-element-64768fb animated-slow elementor-invisible elementor-widget elementor-widget-heading\" data-id=\"64768fb\" data-element_type=\"widget\" data-e-type=\"widget\" data-settings=\"{&quot;_animation&quot;:&quot;fadeIn&quot;,&quot;_animation_delay&quot;:600}\" data-widget_type=\"heading.default\">\n\t\t\t\t<div class=\"elementor-widget-container\">\n\t\t\t\t\t<h2 class=\"elementor-heading-title elementor-size-default\">Advok\u00e1tska kancel\u00e1ria SOWA<\/h2>\t\t\t\t<\/div>\n\t\t\t\t<\/div>\n\t\t\t\t\t<\/div>\n\t\t<\/div>\n\t\t\t\t\t<\/div>\n\t\t<\/section>\n\t\t\t\t<section class=\"elementor-section elementor-top-section elementor-element elementor-element-c586698 elementor-section-boxed elementor-section-height-default elementor-section-height-default elementor-invisible\" data-id=\"c586698\" data-element_type=\"section\" data-e-type=\"section\" data-settings=\"{&quot;animation&quot;:&quot;fadeIn&quot;}\">\n\t\t\t\t\t\t<div class=\"elementor-container elementor-column-gap-default\">\n\t\t\t\t\t<div class=\"elementor-column elementor-col-100 elementor-top-column elementor-element elementor-element-0501ee8\" data-id=\"0501ee8\" data-element_type=\"column\" data-e-type=\"column\">\n\t\t\t<div class=\"elementor-widget-wrap elementor-element-populated\">\n\t\t\t\t\t\t<div class=\"elementor-element elementor-element-9f564c9 animated-slow elementor-align-center elementor-invisible elementor-widget elementor-widget-lottie\" data-id=\"9f564c9\" data-element_type=\"widget\" data-e-type=\"widget\" data-settings=\"{&quot;source_json&quot;:{&quot;url&quot;:&quot;https:\\\/\\\/aksowa.sk\\\/wp-content\\\/uploads\\\/2023\\\/01\\\/9261-scroll-down.json&quot;,&quot;id&quot;:84,&quot;size&quot;:&quot;&quot;,&quot;alt&quot;:&quot;&quot;,&quot;source&quot;:&quot;library&quot;},&quot;loop&quot;:&quot;yes&quot;,&quot;play_speed&quot;:{&quot;unit&quot;:&quot;px&quot;,&quot;size&quot;:0.7,&quot;sizes&quot;:[]},&quot;_animation&quot;:&quot;fadeIn&quot;,&quot;_animation_delay&quot;:1200,&quot;source&quot;:&quot;media_file&quot;,&quot;caption_source&quot;:&quot;none&quot;,&quot;link_to&quot;:&quot;none&quot;,&quot;trigger&quot;:&quot;arriving_to_viewport&quot;,&quot;viewport&quot;:{&quot;unit&quot;:&quot;%&quot;,&quot;size&quot;:&quot;&quot;,&quot;sizes&quot;:{&quot;start&quot;:0,&quot;end&quot;:100}},&quot;start_point&quot;:{&quot;unit&quot;:&quot;%&quot;,&quot;size&quot;:0,&quot;sizes&quot;:[]},&quot;end_point&quot;:{&quot;unit&quot;:&quot;%&quot;,&quot;size&quot;:100,&quot;sizes&quot;:[]},&quot;renderer&quot;:&quot;svg&quot;}\" data-widget_type=\"lottie.default\">\n\t\t\t\t<div class=\"elementor-widget-container\">\n\t\t\t\t\t<div class=\"e-lottie__container\"><div class=\"e-lottie__animation\"><\/div><\/div>\t\t\t\t<\/div>\n\t\t\t\t<\/div>\n\t\t\t\t\t<\/div>\n\t\t<\/div>\n\t\t\t\t\t<\/div>\n\t\t<\/section>\n\t\t\t\t<section class=\"elementor-section elementor-top-section elementor-element elementor-element-b88d93e elementor-section-boxed elementor-section-height-default elementor-section-height-default\" data-id=\"b88d93e\" data-element_type=\"section\" data-e-type=\"section\">\n\t\t\t\t\t\t<div class=\"elementor-container elementor-column-gap-default\">\n\t\t\t\t\t<div class=\"elementor-column elementor-col-100 elementor-top-column elementor-element elementor-element-4b85cff\" data-id=\"4b85cff\" data-element_type=\"column\" data-e-type=\"column\">\n\t\t\t<div class=\"elementor-widget-wrap elementor-element-populated\">\n\t\t\t\t\t\t<div class=\"elementor-element elementor-element-5b4732e elementor-widget elementor-widget-image\" data-id=\"5b4732e\" data-element_type=\"widget\" data-e-type=\"widget\" data-widget_type=\"image.default\">\n\t\t\t\t<div class=\"elementor-widget-container\">\n\t\t\t\t\t\t\t\t\t\t\t\t\t\t\t<img fetchpriority=\"high\" decoding=\"async\" width=\"800\" height=\"168\" src=\"https:\/\/aksowa.sk\/wp-content\/uploads\/2023\/01\/SWA_formula2@2x-1024x215.png\" class=\"attachment-large size-large wp-image-36\" alt=\"\" srcset=\"https:\/\/aksowa.sk\/wp-content\/uploads\/2023\/01\/SWA_formula2@2x-1024x215.png 1024w, https:\/\/aksowa.sk\/wp-content\/uploads\/2023\/01\/SWA_formula2@2x-300x63.png 300w, https:\/\/aksowa.sk\/wp-content\/uploads\/2023\/01\/SWA_formula2@2x-768x162.png 768w, https:\/\/aksowa.sk\/wp-content\/uploads\/2023\/01\/SWA_formula2@2x.png 1160w\" sizes=\"(max-width: 800px) 100vw, 800px\" \/>\t\t\t\t\t\t\t\t\t\t\t\t\t\t\t<\/div>\n\t\t\t\t<\/div>\n\t\t\t\t\t<\/div>\n\t\t<\/div>\n\t\t\t\t\t<\/div>\n\t\t<\/section>\n\t\t\t\t<section class=\"elementor-section elementor-top-section elementor-element elementor-element-42bace8 elementor-section-boxed elementor-section-height-default elementor-section-height-default\" data-id=\"42bace8\" data-element_type=\"section\" data-e-type=\"section\">\n\t\t\t\t\t\t<div class=\"elementor-container elementor-column-gap-default\">\n\t\t\t\t\t<div class=\"elementor-column elementor-col-100 elementor-top-column elementor-element elementor-element-f23eb6f\" data-id=\"f23eb6f\" data-element_type=\"column\" data-e-type=\"column\">\n\t\t\t<div class=\"elementor-widget-wrap elementor-element-populated\">\n\t\t\t\t\t\t<div class=\"elementor-element elementor-element-b715be3 elementor-widget elementor-widget-heading\" data-id=\"b715be3\" data-element_type=\"widget\" data-e-type=\"widget\" data-widget_type=\"heading.default\">\n\t\t\t\t<div class=\"elementor-widget-container\">\n\t\t\t\t\t<h2 class=\"elementor-heading-title elementor-size-default\">Rechtsanw\u00e4lte mit Herz und Seele<\/h2>\t\t\t\t<\/div>\n\t\t\t\t<\/div>\n\t\t\t\t<div class=\"elementor-element elementor-element-c3f8bc4 elementor-widget elementor-widget-text-editor\" data-id=\"c3f8bc4\" data-element_type=\"widget\" data-e-type=\"widget\" data-widget_type=\"text-editor.default\">\n\t\t\t\t<div class=\"elementor-widget-container\">\n\t\t\t\t\t\t\t\t\t<p>Unsere Mandanten k\u00f6nnen ein breites Portfolio von Rechtsdienstleistungen ausnutzen und von einer differenzierten und menschlichen Herangehensweise, hoher Dienstleistungsqualit\u00e4t, \u00fcberdurchschnittlichem Arbeitseinsatz, Flexibilit\u00e4t, Loyalit\u00e4t und Korrektheit Vorteil ziehen, mit der Hoffnung auf gegenseitige langfristige Beziehungen.<\/p>\n<p>Wir gew\u00e4hren komplexe Rechtsberatung im Zusammenhang mit der&nbsp; allt\u00e4glichen unternehmerischen oder sonstiger T\u00e4tigkeit der Mandanten. Die Rechtsberatung wird kompetent auch in&nbsp; englischer und&nbsp; deutscher Sprache angeboten.<\/p>\n<p>Aufgrund effektiver Kommunikation k\u00f6nnen wir Ihnen helfen,&nbsp; die schnellstm\u00f6gliche ma\u00dfgeschneiderte&nbsp; L\u00f6sung Ihres rechtlichen&nbsp; Problems zu finden. Bei der Erbringung von Rechtsdienstleistungen nutzen wir unsere reichen Fachkenntnisse und&nbsp; Erfahrungen, &nbsp;wobei die Qualit\u00e4t, Effektivit\u00e4t und Interessen unserer Mandanten immer im Mittelpunkt stehen.<\/p>\n<p>Internationale Projekte und&nbsp; Rechtsangelegenheiten, die \u00fcber die Grenzen der Slowakei hinausgehen, gew\u00e4hrleisten wir als Partner von&nbsp;<a href=\"https:\/\/legallnetwork.eu\/\" target=\"_blank\">European Legal Network<\/a>, das die Gerichtsbarkeit von 10 L\u00e4ndern vom Schwarzen&nbsp; und Adriatischen Meer bis zur Ost- und&nbsp; Nordsee abdeckt. Partner haben wir jedoch auch in&nbsp; anderen europ\u00e4ischen L\u00e4ndern, n\u00e4mlich&nbsp; durch die intensive Zusammenarbeit mit der Vereinigung <a href=\"https:\/\/european-lawyers.org\/\">European Lawyers\u00b4 Association<\/a>mit Sitz in&nbsp; Br\u00fcssel, wo unsere Adriena als stellvertretende Vorsitzende des Vorstands und&nbsp; nationale Vertreterin f\u00fcr die Slowakische und&nbsp; Tschechische Republik t\u00e4tig ist.<\/p>\t\t\t\t\t\t\t\t<\/div>\n\t\t\t\t<\/div>\n\t\t\t\t\t<\/div>\n\t\t<\/div>\n\t\t\t\t\t<\/div>\n\t\t<\/section>\n\t\t\t\t<section class=\"elementor-section elementor-top-section elementor-element elementor-element-815f4ba elementor-section-content-middle elementor-section-boxed elementor-section-height-default elementor-section-height-default\" data-id=\"815f4ba\" data-element_type=\"section\" data-e-type=\"section\">\n\t\t\t\t\t\t<div class=\"elementor-container elementor-column-gap-default\">\n\t\t\t\t\t<div class=\"elementor-column elementor-col-50 elementor-top-column elementor-element elementor-element-68ef2fb\" data-id=\"68ef2fb\" data-element_type=\"column\" data-e-type=\"column\">\n\t\t\t<div class=\"elementor-widget-wrap elementor-element-populated\">\n\t\t\t\t\t\t<div class=\"elementor-element elementor-element-c9d2ebf elementor-widget elementor-widget-image\" data-id=\"c9d2ebf\" data-element_type=\"widget\" data-e-type=\"widget\" data-widget_type=\"image.default\">\n\t\t\t\t<div class=\"elementor-widget-container\">\n\t\t\t\t\t\t\t\t\t\t\t\t\t\t\t\t<a href=\"https:\/\/legallnetwork.eu\/\" target=\"_blank\">\n\t\t\t\t\t\t\t<img decoding=\"async\" width=\"800\" height=\"222\" src=\"https:\/\/aksowa.sk\/wp-content\/uploads\/2023\/01\/Screenshot-2023-01-05-at-02.31.32-1024x284.png\" class=\"attachment-large size-large wp-image-107\" alt=\"\" srcset=\"https:\/\/aksowa.sk\/wp-content\/uploads\/2023\/01\/Screenshot-2023-01-05-at-02.31.32-1024x284.png 1024w, https:\/\/aksowa.sk\/wp-content\/uploads\/2023\/01\/Screenshot-2023-01-05-at-02.31.32-300x83.png 300w, https:\/\/aksowa.sk\/wp-content\/uploads\/2023\/01\/Screenshot-2023-01-05-at-02.31.32-768x213.png 768w, https:\/\/aksowa.sk\/wp-content\/uploads\/2023\/01\/Screenshot-2023-01-05-at-02.31.32.png 1248w\" sizes=\"(max-width: 800px) 100vw, 800px\" \/>\t\t\t\t\t\t\t\t<\/a>\n\t\t\t\t\t\t\t\t\t\t\t\t\t\t\t<\/div>\n\t\t\t\t<\/div>\n\t\t\t\t\t<\/div>\n\t\t<\/div>\n\t\t\t\t<div class=\"elementor-column elementor-col-50 elementor-top-column elementor-element elementor-element-6d8a0fa\" data-id=\"6d8a0fa\" data-element_type=\"column\" data-e-type=\"column\">\n\t\t\t<div class=\"elementor-widget-wrap elementor-element-populated\">\n\t\t\t\t\t\t<div class=\"elementor-element elementor-element-2dc9b4e elementor-widget elementor-widget-image\" data-id=\"2dc9b4e\" data-element_type=\"widget\" data-e-type=\"widget\" data-widget_type=\"image.default\">\n\t\t\t\t<div class=\"elementor-widget-container\">\n\t\t\t\t\t\t\t\t\t\t\t\t\t\t\t\t<a href=\"https:\/\/european-lawyers.org\/\" target=\"_blank\">\n\t\t\t\t\t\t\t<img decoding=\"async\" width=\"800\" height=\"387\" src=\"https:\/\/aksowa.sk\/wp-content\/uploads\/2023\/01\/Screenshot-2023-01-05-at-02.31.47-1024x495.png\" class=\"attachment-large size-large wp-image-108\" alt=\"\" srcset=\"https:\/\/aksowa.sk\/wp-content\/uploads\/2023\/01\/Screenshot-2023-01-05-at-02.31.47-1024x495.png 1024w, https:\/\/aksowa.sk\/wp-content\/uploads\/2023\/01\/Screenshot-2023-01-05-at-02.31.47-300x145.png 300w, https:\/\/aksowa.sk\/wp-content\/uploads\/2023\/01\/Screenshot-2023-01-05-at-02.31.47-768x371.png 768w, https:\/\/aksowa.sk\/wp-content\/uploads\/2023\/01\/Screenshot-2023-01-05-at-02.31.47.png 1068w\" sizes=\"(max-width: 800px) 100vw, 800px\" \/>\t\t\t\t\t\t\t\t<\/a>\n\t\t\t\t\t\t\t\t\t\t\t\t\t\t\t<\/div>\n\t\t\t\t<\/div>\n\t\t\t\t\t<\/div>\n\t\t<\/div>\n\t\t\t\t\t<\/div>\n\t\t<\/section>\n\t\t\t\t<\/div>\n\t\t","protected":false},"excerpt":{"rendered":"<p>We believe in law justice rights Advok\u00e1tska kancel\u00e1ria SOWA Rechtsanw\u00e4lte mit Herz und Seele Unsere Mandanten k\u00f6nnen ein breites Portfolio von Rechtsdienstleistungen ausnutzen und von einer differenzierten und menschlichen Herangehensweise, hoher Dienstleistungsqualit\u00e4t, \u00fcberdurchschnittlichem Arbeitseinsatz, Flexibilit\u00e4t, Loyalit\u00e4t und Korrektheit Vorteil ziehen, mit der Hoffnung auf gegenseitige langfristige Beziehungen. Wir gew\u00e4hren komplexe Rechtsberatung im Zusammenhang mit der&nbsp; [&hellip;]<\/p>\n","protected":false},"author":1,"featured_media":0,"parent":0,"menu_order":0,"comment_status":"closed","ping_status":"closed","template":"elementor_header_footer","meta":{"inline_featured_image":false,"footnotes":""},"class_list":["post-262","page","type-page","status-publish","hentry"],"_links":{"self":[{"href":"https:\/\/aksowa.sk\/de\/wp-json\/wp\/v2\/pages\/262","targetHints":{"allow":["GET"]}}],"collection":[{"href":"https:\/\/aksowa.sk\/de\/wp-json\/wp\/v2\/pages"}],"about":[{"href":"https:\/\/aksowa.sk\/de\/wp-json\/wp\/v2\/types\/page"}],"author":[{"embeddable":true,"href":"https:\/\/aksowa.sk\/de\/wp-json\/wp\/v2\/users\/1"}],"replies":[{"embeddable":true,"href":"https:\/\/aksowa.sk\/de\/wp-json\/wp\/v2\/comments?post=262"}],"version-history":[{"count":3,"href":"https:\/\/aksowa.sk\/de\/wp-json\/wp\/v2\/pages\/262\/revisions"}],"predecessor-version":[{"id":265,"href":"https:\/\/aksowa.sk\/de\/wp-json\/wp\/v2\/pages\/262\/revisions\/265"}],"wp:attachment":[{"href":"https:\/\/aksowa.sk\/de\/wp-json\/wp\/v2\/media?parent=262"}],"curies":[{"name":"wp","href":"https:\/\/api.w.org\/{rel}","templated":true}]}}